{"id":80,"date":"2018-08-07T08:49:20","date_gmt":"2018-08-07T06:49:20","guid":{"rendered":"http:\/\/nikolausstiftung.siegburg.info\/?page_id=80"},"modified":"2018-11-27T16:24:36","modified_gmt":"2018-11-27T15:24:36","slug":"partner-und-kooperationen","status":"publish","type":"page","link":"https:\/\/nikolausstiftung-siegburg.de\/index.php\/partner-und-kooperationen\/","title":{"rendered":"Partner und Kooperationen"},"content":{"rendered":"<p><a href=\"http:\/\/www.siegburg.de\" target=\"_blank\" rel=\"noopener\"><img decoding=\"async\" class=\"alignnone size-medium wp-image-101\" src=\"http:\/\/nikolausstiftung.siegburg.info\/wp-content\/uploads\/2018\/08\/Siegburg-Logo_kompakt-300x106.jpg\" alt=\"\" width=\"300\" height=\"106\" srcset=\"https:\/\/nikolausstiftung-siegburg.de\/wp-content\/uploads\/2018\/08\/Siegburg-Logo_kompakt-300x106.jpg 300w, https:\/\/nikolausstiftung-siegburg.de\/wp-content\/uploads\/2018\/08\/Siegburg-Logo_kompakt.jpg 742w\" sizes=\"(max-width: 300px) 100vw, 300px\" \/><\/a><br \/>\nDie Stiftung wird durch das Amt f\u00fcr Jugend, Schule und Sport der Kreisstadt Siegburg unterst\u00fctzt und beraten. Es besteht eine enge Zusammenarbeit mit der Stadt Siegburg. Der B\u00fcrgermeister der Stadt ist Mitglied des Stiftungsrates.<\/p>\n<hr \/>\n<p><a href=\"https:\/\/www.siegwerk.com\/de\/startseite.html\" target=\"_blank\" rel=\"noopener\"><img fetchpriority=\"high\" decoding=\"async\" class=\"alignnone size-medium wp-image-103\" src=\"http:\/\/nikolausstiftung.siegburg.info\/wp-content\/uploads\/2018\/08\/siegwerk-group-logo_10939174-300x169.jpg\" alt=\"\" width=\"300\" height=\"169\" srcset=\"https:\/\/nikolausstiftung-siegburg.de\/wp-content\/uploads\/2018\/08\/siegwerk-group-logo_10939174-300x169.jpg 300w, https:\/\/nikolausstiftung-siegburg.de\/wp-content\/uploads\/2018\/08\/siegwerk-group-logo_10939174-768x432.jpg 768w, https:\/\/nikolausstiftung-siegburg.de\/wp-content\/uploads\/2018\/08\/siegwerk-group-logo_10939174.jpg 780w\" sizes=\"(max-width: 300px) 100vw, 300px\" \/><\/a><br \/>\nUnterst\u00fctzt wird die Nikolausstiftung von der\u00a0Siegwerk Druckfarben AG &amp; Co. KGaA.<br \/>\nGr\u00f6\u00dfere Projekte werden in Kooperation umgesetzt.<\/p>\n","protected":false},"excerpt":{"rendered":"<p>Die Stiftung wird durch das Amt f\u00fcr Jugend, Schule und Sport der Kreisstadt Siegburg unterst\u00fctzt und beraten. Es besteht eine enge Zusammenarbeit mit der Stadt Siegburg. Der B\u00fcrgermeister der Stadt ist Mitglied des Stiftungsrates. Unterst\u00fctzt wird die Nikolausstiftung von der\u00a0Siegwerk Druckfarben AG &amp; Co. KGaA. Gr\u00f6\u00dfere Projekte werden in Kooperation umgesetzt.<\/p>\n","protected":false},"author":1,"featured_media":0,"parent":0,"menu_order":0,"comment_status":"closed","ping_status":"closed","template":"","meta":{"footnotes":""},"class_list":["post-80","page","type-page","status-publish","hentry"],"_links":{"self":[{"href":"https:\/\/nikolausstiftung-siegburg.de\/index.php\/wp-json\/wp\/v2\/pages\/80","targetHints":{"allow":["GET"]}}],"collection":[{"href":"https:\/\/nikolausstiftung-siegburg.de\/index.php\/wp-json\/wp\/v2\/pages"}],"about":[{"href":"https:\/\/nikolausstiftung-siegburg.de\/index.php\/wp-json\/wp\/v2\/types\/page"}],"author":[{"embeddable":true,"href":"https:\/\/nikolausstiftung-siegburg.de\/index.php\/wp-json\/wp\/v2\/users\/1"}],"replies":[{"embeddable":true,"href":"https:\/\/nikolausstiftung-siegburg.de\/index.php\/wp-json\/wp\/v2\/comments?post=80"}],"version-history":[{"count":11,"href":"https:\/\/nikolausstiftung-siegburg.de\/index.php\/wp-json\/wp\/v2\/pages\/80\/revisions"}],"predecessor-version":[{"id":470,"href":"https:\/\/nikolausstiftung-siegburg.de\/index.php\/wp-json\/wp\/v2\/pages\/80\/revisions\/470"}],"wp:attachment":[{"href":"https:\/\/nikolausstiftung-siegburg.de\/index.php\/wp-json\/wp\/v2\/media?parent=80"}],"curies":[{"name":"wp","href":"https:\/\/api.w.org\/{rel}","templated":true}]}}