{"id":43,"date":"2018-06-13T12:38:33","date_gmt":"2018-06-13T10:38:33","guid":{"rendered":"http:\/\/nikolausstiftung.siegburg.info\/?page_id=43"},"modified":"2018-11-26T14:24:49","modified_gmt":"2018-11-26T13:24:49","slug":"spenden","status":"publish","type":"page","link":"https:\/\/nikolausstiftung-siegburg.de\/index.php\/spenden\/","title":{"rendered":"Spenden"},"content":{"rendered":"<p><strong>Meine Spende als Privatperson<\/strong><br \/>\nSie k\u00f6nnen dem Konto der Nikolausstiftung f\u00fcr Kinder und Jugendliche in Siegburg eine einmalige Spende zukommen lassen oder unsere Stiftung periodisch mittels eines Dauerauftrags unterst\u00fctzen. Wir freuen uns, wenn Sie die Nikolausstiftung f\u00fcr Kinder und Jugendliche in Siegburg anl\u00e4sslich einer pers\u00f6nlichen Feier (Geburtstag, Jubil\u00e4um, Hochzeit etc.) anstelle von Geschenkw\u00fcnschen beg\u00fcnstigen lassen. H\u00e4ufig wird auch zum Gedenken an einen lieben Verstorbenen um eine Spende f\u00fcr die Nikolausstiftung f\u00fcr Kinder und Jugendliche in Siegburg gebeten.<\/p>\n<p>Seit dem 1. Januar 2002 akzeptieren Finanz\u00e4mter im vereinfachten Spenden-Nachweisverfahren bei Zuwendungen, die den Betrag in H\u00f6he von 200,00 Euro nicht \u00fcbersteigen, den Bareinzahlungsbeleg oder die Buchungsbest\u00e4tigung eines Kreditinstituts in Verbindung mit dem Nachweis \u00fcber die Freistellung des Empf\u00e4ngers von der K\u00f6rperschaftssteuer.<\/p>\n<p>Durch den Bescheid des Finanzamtes (Siegburg) vom 05.09.2018, St.Nr. 220\/5952\/1105, ist die Nikolaus-Stiftung nach \u00a7 5 Absatz 1 Nr. 9 KSTG von der K\u00f6rperschaftssteuer befreit, weil sie ausschlie\u00dflich und unmittelbar steuerbeg\u00fcnstigten und gemeinn\u00fctzigen Zwecken im Sinne der \u00a7\u00a7 51 ff. AO dient. Die Nikolaus-Stiftung f\u00f6rdert folgende gemeinn\u00fctzige Zwecke F\u00f6rderung der Jugendhilfe.<\/p>\n<p><strong>Spenden durch Unternehmen<\/strong><br \/>\nVielen Unternehmen ist soziales Engagement sehr wichtig. Firmen, die sich f\u00fcr die Zukunft der Gesellschaft &#8211; Kinder und Jugendliche \u2013 einsetzen, \u00fcbernehmen Verantwortung, eine Vorbildfunktion und werden als zuverl\u00e4ssige Partner erkannt \u2013 von den Kunden, von Mitarbeitern und dem gesamten gesellschaftlichen Umfeld.<\/p>\n<p><strong>Spenden von Veranstaltern<\/strong><br \/>\nWenn Sie die Nikolausstiftung f\u00fcr Kinder und Jugendliche in Siegburg durch eine Veranstaltung oder anl\u00e4sslich eines Events beg\u00fcnstigen m\u00f6chten, unterst\u00fctzen wir Sie gerne bei der Umsetzung Ihres Vorhabens. Sprechen Sie uns bitte an!<\/p>\n<p><strong>Wissenswertes f\u00fcr Gro\u00dfspender<\/strong><br \/>\nWenn Sie die Nikolausstiftung f\u00fcr Kinder und Jugendliche in Siegburg mit einer besonders gro\u00dfz\u00fcgigen Spende unterst\u00fctzen, k\u00f6nnen wir besonders bedeutende Projekte bei der Unterst\u00fctzung von Kindern und Jugendlichen realisieren.<\/p>\n<p><strong>Herzlichen Dank, dass Sie uns und die Kinder und Jugendlichen in Siegburg mit Ihrer Spende zu f\u00f6rdern gedenken!<\/strong><\/p>\n<p><strong>Unser Spendenkonto:<\/p>\n<p><\/strong><strong>Bankverbindung:<\/strong><br \/>\nVR Bank Rhein Sieg eG<br \/>\nBIC GENODED1RST<br \/>\nIBAN DE96 37069520 410 144 70 10<\/p>\n","protected":false},"excerpt":{"rendered":"<p>Meine Spende als Privatperson Sie k\u00f6nnen dem Konto der Nikolausstiftung f\u00fcr Kinder und Jugendliche in Siegburg eine einmalige Spende zukommen lassen oder unsere Stiftung periodisch mittels eines Dauerauftrags unterst\u00fctzen. Wir freuen uns, wenn Sie die Nikolausstiftung f\u00fcr Kinder und Jugendliche in Siegburg anl\u00e4sslich einer pers\u00f6nlichen Feier (Geburtstag, Jubil\u00e4um, Hochzeit etc.) anstelle von Geschenkw\u00fcnschen beg\u00fcnstigen lassen. H\u00e4ufig wird auch zum Gedenken an einen lieben Verstorbenen um eine Spende f\u00fcr die Nikolausstiftung<\/p>\n<p><a class=\"more-link\" href=\"https:\/\/nikolausstiftung-siegburg.de\/index.php\/spenden\/\">Weiterlesen<\/a><\/p>\n","protected":false},"author":1,"featured_media":0,"parent":0,"menu_order":0,"comment_status":"closed","ping_status":"closed","template":"","meta":{"footnotes":""},"class_list":["post-43","page","type-page","status-publish","hentry"],"_links":{"self":[{"href":"https:\/\/nikolausstiftung-siegburg.de\/index.php\/wp-json\/wp\/v2\/pages\/43","targetHints":{"allow":["GET"]}}],"collection":[{"href":"https:\/\/nikolausstiftung-siegburg.de\/index.php\/wp-json\/wp\/v2\/pages"}],"about":[{"href":"https:\/\/nikolausstiftung-siegburg.de\/index.php\/wp-json\/wp\/v2\/types\/page"}],"author":[{"embeddable":true,"href":"https:\/\/nikolausstiftung-siegburg.de\/index.php\/wp-json\/wp\/v2\/users\/1"}],"replies":[{"embeddable":true,"href":"https:\/\/nikolausstiftung-siegburg.de\/index.php\/wp-json\/wp\/v2\/comments?post=43"}],"version-history":[{"count":7,"href":"https:\/\/nikolausstiftung-siegburg.de\/index.php\/wp-json\/wp\/v2\/pages\/43\/revisions"}],"predecessor-version":[{"id":423,"href":"https:\/\/nikolausstiftung-siegburg.de\/index.php\/wp-json\/wp\/v2\/pages\/43\/revisions\/423"}],"wp:attachment":[{"href":"https:\/\/nikolausstiftung-siegburg.de\/index.php\/wp-json\/wp\/v2\/media?parent=43"}],"curies":[{"name":"wp","href":"https:\/\/api.w.org\/{rel}","templated":true}]}}