{"id":14,"date":"2018-06-13T11:21:45","date_gmt":"2018-06-13T09:21:45","guid":{"rendered":"http:\/\/nikolausstiftung.siegburg.info\/index.php\/one-page-express\/"},"modified":"2021-02-15T11:30:47","modified_gmt":"2021-02-15T10:30:47","slug":"one-page-express","status":"publish","type":"page","link":"https:\/\/nikolausstiftung-siegburg.de\/","title":{"rendered":"Willkommen"},"content":{"rendered":"<p>Herzlich willkommen bei der Nikolausstiftung f\u00fcr Kinder und Jugendliche in Siegburg.<br \/>\nDie Nikolausstiftung hat es sich seit ihrer Gr\u00fcndung im Jahre 2004 zur Aufgabe gemacht, Kinder und Jugendliche in Siegburg durch Projekte au\u00dferhalb der gesetzlichen Regelf\u00f6rderung zu unterst\u00fctzen. Die F\u00f6rderung kommt in der Regel den durchf\u00fchrenden Institutionen zu teil, die die Projekte begleiten. Dies umfasst im Wesentlichen die Bereiche der Kinder- und Jugendhilfe sowie der Kinder- und Jugendpflege. Ferner werden Projekte unterst\u00fctzt, die der Integration von Migrant*innen dienen.<\/p>\n<p>Im Laufe der nun 16-j\u00e4hrigen Stiftungst\u00e4tigkeit konnten so verschiedenste nachhaltige Projekte realisiert werden. Die Nikolausstiftung verfolgt ausschlie\u00dflich gemeinn\u00fctzige Zwecke.<\/p>\n","protected":false},"excerpt":{"rendered":"<p>Herzlich willkommen bei der Nikolausstiftung f\u00fcr Kinder und Jugendliche in Siegburg. Die Nikolausstiftung hat es sich seit ihrer Gr\u00fcndung im Jahre 2004 zur Aufgabe gemacht, Kinder und Jugendliche in Siegburg durch Projekte au\u00dferhalb der gesetzlichen Regelf\u00f6rderung zu unterst\u00fctzen. Die F\u00f6rderung kommt in der Regel den durchf\u00fchrenden Institutionen zu teil, die die Projekte begleiten. Dies umfasst im Wesentlichen die Bereiche der Kinder- und Jugendhilfe sowie der Kinder- und Jugendpflege. Ferner werden<\/p>\n<p><a class=\"more-link\" href=\"https:\/\/nikolausstiftung-siegburg.de\/\">Weiterlesen<\/a><\/p>\n","protected":false},"author":1,"featured_media":0,"parent":0,"menu_order":0,"comment_status":"closed","ping_status":"closed","template":"","meta":{"footnotes":""},"class_list":["post-14","page","type-page","status-publish","hentry"],"_links":{"self":[{"href":"https:\/\/nikolausstiftung-siegburg.de\/index.php\/wp-json\/wp\/v2\/pages\/14","targetHints":{"allow":["GET"]}}],"collection":[{"href":"https:\/\/nikolausstiftung-siegburg.de\/index.php\/wp-json\/wp\/v2\/pages"}],"about":[{"href":"https:\/\/nikolausstiftung-siegburg.de\/index.php\/wp-json\/wp\/v2\/types\/page"}],"author":[{"embeddable":true,"href":"https:\/\/nikolausstiftung-siegburg.de\/index.php\/wp-json\/wp\/v2\/users\/1"}],"replies":[{"embeddable":true,"href":"https:\/\/nikolausstiftung-siegburg.de\/index.php\/wp-json\/wp\/v2\/comments?post=14"}],"version-history":[{"count":12,"href":"https:\/\/nikolausstiftung-siegburg.de\/index.php\/wp-json\/wp\/v2\/pages\/14\/revisions"}],"predecessor-version":[{"id":700,"href":"https:\/\/nikolausstiftung-siegburg.de\/index.php\/wp-json\/wp\/v2\/pages\/14\/revisions\/700"}],"wp:attachment":[{"href":"https:\/\/nikolausstiftung-siegburg.de\/index.php\/wp-json\/wp\/v2\/media?parent=14"}],"curies":[{"name":"wp","href":"https:\/\/api.w.org\/{rel}","templated":true}]}}